{"id":45,"date":"2007-09-25T18:37:56","date_gmt":"2007-09-25T16:37:56","guid":{"rendered":"https:\/\/moto-mz.fr\/index.php\/liste-des-sites-amis\/"},"modified":"2009-09-09T23:49:58","modified_gmt":"2009-09-09T21:49:58","slug":"liste-des-sites-amis","status":"publish","type":"page","link":"https:\/\/moto-mz.fr\/index.php\/liste-des-sites-amis\/","title":{"rendered":"Liste des sites amis"},"content":{"rendered":"<p><!--blogroll-page--><\/p>\n<p>D\u00e9couvrez gr\u00e2ce \u00e0 Havoc et son site bcelerie, le <a title=\"bcelerie - Randonn\u00e9e \u00e0 l 'Aiguille de Venosc\" href=\"http:\/\/brunocelerier.perso.sfr.fr\/Hauteroute\/Venosc.htm\" target=\"_blank\">tour de l&rsquo;Aiguille de Venosc<\/a> ainsi que le <a title=\"bcelerie - Grands sommets de l'Ailefroide\" href=\"http:\/\/brunocelerier.perso.sfr.fr\/Hauteroute\/Ailefroide.htm\" target=\"_blank\">tour de l&rsquo;Ailefroide<\/a>. Un conseil, n&rsquo;y allez pas en MZ ;o)<\/p>\n<p><a title=\"Site perso de Havoc sur ses randonn\u00e9es et escalades\" href=\"http:\/\/bcelerie.club.fr\">Pour les fanes d&rsquo;escalade et de randonn\u00e9es<\/a><\/p>\n<p><a href=\"http:\/\/www.2roo.com\"><img decoding=\"async\" src=\"https:\/\/moto-mz.fr\/wp-content\/uploads\/\/annu\/logo2Roo.gif\" alt=\"\" \/><\/a><\/p>\n<p><a title=\"Annuaire pour le R\u00e9f\u00e9rencement Google\" href=\"http:\/\/annuaire.yagoort.org\/reports\/www.moto-mz.fr.html\">Annuaire Webmaster<\/a><\/p>\n<p><a href=\"http:\/\/technorati.com\/faves?sub=addfavbtn&amp;add=https:\/\/moto-mz.fr\"><img decoding=\"async\" src=\"https:\/\/moto-mz.fr\/wp-content\/uploads\/\/pix\/fave\/btn-fave2.png\" alt=\"Add to Technorati Favorites\" \/><\/a><\/p>\n<p><a onclick=\"javascript:window.open('http:\/\/www.scooter-system.fr\/annuaire\/cat-6-30.html','redirection','');return false;\" href=\"http:\/\/www.scooter-system.fr\" target=\"_blank\">Scooter System, Tuning 50 et 125<\/a><\/p>\n","protected":false},"excerpt":{"rendered":"<p>D\u00e9couvrez gr\u00e2ce \u00e0 Havoc et son site bcelerie, le tour de l&rsquo;Aiguille de Venosc ainsi que le tour de l&rsquo;Ailefroide. Un conseil, n&rsquo;y allez pas en MZ ;o) Pour les fanes d&rsquo;escalade et de randonn\u00e9es Annuaire Webmaster Scooter System, Tuning 50 et 125<\/p>\n","protected":false},"author":1,"featured_media":0,"parent":0,"menu_order":0,"comment_status":"open","ping_status":"open","template":"","meta":{"footnotes":""},"class_list":["post-45","page","type-page","status-publish","hentry"],"_links":{"self":[{"href":"https:\/\/moto-mz.fr\/index.php\/wp-json\/wp\/v2\/pages\/45","targetHints":{"allow":["GET"]}}],"collection":[{"href":"https:\/\/moto-mz.fr\/index.php\/wp-json\/wp\/v2\/pages"}],"about":[{"href":"https:\/\/moto-mz.fr\/index.php\/wp-json\/wp\/v2\/types\/page"}],"author":[{"embeddable":true,"href":"https:\/\/moto-mz.fr\/index.php\/wp-json\/wp\/v2\/users\/1"}],"replies":[{"embeddable":true,"href":"https:\/\/moto-mz.fr\/index.php\/wp-json\/wp\/v2\/comments?post=45"}],"version-history":[{"count":6,"href":"https:\/\/moto-mz.fr\/index.php\/wp-json\/wp\/v2\/pages\/45\/revisions"}],"predecessor-version":[{"id":77,"href":"https:\/\/moto-mz.fr\/index.php\/wp-json\/wp\/v2\/pages\/45\/revisions\/77"}],"wp:attachment":[{"href":"https:\/\/moto-mz.fr\/index.php\/wp-json\/wp\/v2\/media?parent=45"}],"curies":[{"name":"wp","href":"https:\/\/api.w.org\/{rel}","templated":true}]}}